{"id":2166,"date":"2025-08-08T07:37:46","date_gmt":"2025-08-08T07:37:46","guid":{"rendered":"https:\/\/aguiarinjurylawyers.com\/es\/?page_id=2166"},"modified":"2025-11-06T11:51:30","modified_gmt":"2025-11-06T11:51:30","slug":"gracias","status":"publish","type":"page","link":"https:\/\/aguiarinjurylawyers.com\/es\/gracias\/","title":{"rendered":"Gracias"},"content":{"rendered":"\t\t<div data-elementor-type=\"wp-page\" data-elementor-id=\"2166\" class=\"elementor elementor-2166\" data-elementor-post-type=\"page\">\n\t\t\t\t<div class=\"elementor-element elementor-element-3df85d1 e-flex e-con-boxed e-con e-parent\" data-id=\"3df85d1\" data-element_type=\"container\" data-settings=\"{&quot;background_background&quot;:&quot;gradient&quot;}\">\n\t\t\t\t\t<div class=\"e-con-inner\">\n\t\t<div class=\"elementor-element elementor-element-c73acfb e-con-full e-flex e-con e-child\" data-id=\"c73acfb\" data-element_type=\"container\">\n\t\t\t\t<div class=\"elementor-element elementor-element-cc380fe elementor-widget__width-inherit elementor-widget elementor-widget-heading\" data-id=\"cc380fe\" data-element_type=\"widget\" data-widget_type=\"heading.default\">\n\t\t\t\t\t<h1 class=\"elementor-heading-title elementor-size-default\">Gracias por Contactarnos<\/h1>\t\t\t\t<\/div>\n\t\t\t\t<div class=\"elementor-element elementor-element-12969e8 elementor-widget-divider--view-line elementor-widget elementor-widget-divider\" data-id=\"12969e8\" data-element_type=\"widget\" data-widget_type=\"divider.default\">\n\t\t\t\t\t\t\t<div class=\"elementor-divider\">\n\t\t\t<span class=\"elementor-divider-separator\">\n\t\t\t\t\t\t<\/span>\n\t\t<\/div>\n\t\t\t\t\t\t<\/div>\n\t\t\t\t<div class=\"elementor-element elementor-element-2c02bbf elementor-widget elementor-widget-text-editor\" data-id=\"2c02bbf\" data-element_type=\"widget\" data-widget_type=\"text-editor.default\">\n\t\t\t\t\t\t\t\t\tHemos recibido su informaci\u00f3n y un miembro de nuestro equipo se pondr\u00e1 en contacto con usted lo antes posible.\nSi su asunto es urgente, ll\u00e1menos directamente al (866) 290-9388.\nAgradecemos su confianza y esperamos poder ayudarle.\t\t\t\t\t\t\t\t<\/div>\n\t\t\t\t<\/div>\n\t\t\t\t\t<\/div>\n\t\t\t\t<\/div>\n\t\t\t\t<\/div>\n\t\t","protected":false},"excerpt":{"rendered":"<p>Gracias por Contactarnos Hemos recibido su informaci\u00f3n y un miembro de nuestro equipo se pondr\u00e1 en contacto con usted lo antes posible. Si su asunto es urgente, ll\u00e1menos directamente al (866) 290-9388. Agradecemos su confianza y esperamos poder ayudarle.<\/p>\n","protected":false},"author":1,"featured_media":0,"parent":0,"menu_order":0,"comment_status":"closed","ping_status":"closed","template":"elementor_header_footer","meta":{"_acf_changed":false,"footnotes":""},"class_list":["post-2166","page","type-page","status-publish","hentry"],"acf":[],"yoast_head":"<!-- This site is optimized with the Yoast SEO plugin v27.1.1 - https:\/\/yoast.com\/product\/yoast-seo-wordpress\/ -->\n<title>Gracias - Abogados de Lesiones Personales Sam Aguiar<\/title>\n<meta name=\"description\" content=\"Gracias por contactarnos. Nuestro equipo se comunicar\u00e1 pronto para asistirte con tu consulta y ofrecer la mejor ayuda posible.\" \/>\n<meta name=\"robots\" content=\"noindex, nofollow\" \/>\n<meta property=\"og:locale\" content=\"en_US\" \/>\n<meta property=\"og:type\" content=\"article\" \/>\n<meta property=\"og:title\" content=\"Gracias - Abogados de Lesiones Personales Sam Aguiar\" \/>\n<meta property=\"og:description\" content=\"Gracias por contactarnos. Nuestro equipo se comunicar\u00e1 pronto para asistirte con tu consulta y ofrecer la mejor ayuda posible.\" \/>\n<meta property=\"og:url\" content=\"https:\/\/aguiarinjurylawyers.com\/es\/gracias\/\" \/>\n<meta property=\"og:site_name\" content=\"Abogados de Lesiones Personales Sam Aguiar\" \/>\n<meta property=\"article:modified_time\" content=\"2025-11-06T11:51:30+00:00\" \/>\n<meta name=\"twitter:card\" content=\"summary_large_image\" \/>\n<meta name=\"twitter:label1\" content=\"Est. reading time\" \/>\n\t<meta name=\"twitter:data1\" content=\"1 minute\" \/>\n<script type=\"application\/ld+json\" class=\"yoast-schema-graph\">{\"@context\":\"https:\/\/schema.org\",\"@graph\":[{\"@type\":\"WebPage\",\"@id\":\"https:\/\/aguiarinjurylawyers.com\/es\/gracias\/\",\"url\":\"https:\/\/aguiarinjurylawyers.com\/es\/gracias\/\",\"name\":\"Gracias - Abogados de Lesiones Personales Sam Aguiar\",\"isPartOf\":{\"@id\":\"https:\/\/aguiarinjurylawyers.com\/es\/#website\"},\"datePublished\":\"2025-08-08T07:37:46+00:00\",\"dateModified\":\"2025-11-06T11:51:30+00:00\",\"description\":\"Gracias por contactarnos. Nuestro equipo se comunicar\u00e1 pronto para asistirte con tu consulta y ofrecer la mejor ayuda posible.\",\"breadcrumb\":{\"@id\":\"https:\/\/aguiarinjurylawyers.com\/es\/gracias\/#breadcrumb\"},\"inLanguage\":\"en-US\",\"potentialAction\":[{\"@type\":\"ReadAction\",\"target\":[\"https:\/\/aguiarinjurylawyers.com\/es\/gracias\/\"]}]},{\"@type\":\"BreadcrumbList\",\"@id\":\"https:\/\/aguiarinjurylawyers.com\/es\/gracias\/#breadcrumb\",\"itemListElement\":[{\"@type\":\"ListItem\",\"position\":1,\"name\":\"Inicio\",\"item\":\"https:\/\/aguiarinjurylawyers.com\/es\/\"},{\"@type\":\"ListItem\",\"position\":2,\"name\":\"Gracias\"}]},{\"@type\":\"WebSite\",\"@id\":\"https:\/\/aguiarinjurylawyers.com\/es\/#website\",\"url\":\"https:\/\/aguiarinjurylawyers.com\/es\/\",\"name\":\"Abogados de Lesiones Personales Sam Aguiar\",\"description\":\"Sitio Oficial de Abogados de Lesiones Personales Sam Aguiar, PLLC\",\"potentialAction\":[{\"@type\":\"SearchAction\",\"target\":{\"@type\":\"EntryPoint\",\"urlTemplate\":\"https:\/\/aguiarinjurylawyers.com\/es\/?s={search_term_string}\"},\"query-input\":{\"@type\":\"PropertyValueSpecification\",\"valueRequired\":true,\"valueName\":\"search_term_string\"}}],\"inLanguage\":\"en-US\"}]}<\/script>\n<!-- \/ Yoast SEO plugin. -->","yoast_head_json":{"title":"Gracias - Abogados de Lesiones Personales Sam Aguiar","description":"Gracias por contactarnos. Nuestro equipo se comunicar\u00e1 pronto para asistirte con tu consulta y ofrecer la mejor ayuda posible.","robots":{"index":"noindex","follow":"nofollow"},"og_locale":"en_US","og_type":"article","og_title":"Gracias - Abogados de Lesiones Personales Sam Aguiar","og_description":"Gracias por contactarnos. Nuestro equipo se comunicar\u00e1 pronto para asistirte con tu consulta y ofrecer la mejor ayuda posible.","og_url":"https:\/\/aguiarinjurylawyers.com\/es\/gracias\/","og_site_name":"Abogados de Lesiones Personales Sam Aguiar","article_modified_time":"2025-11-06T11:51:30+00:00","twitter_card":"summary_large_image","twitter_misc":{"Est. reading time":"1 minute"},"schema":{"@context":"https:\/\/schema.org","@graph":[{"@type":"WebPage","@id":"https:\/\/aguiarinjurylawyers.com\/es\/gracias\/","url":"https:\/\/aguiarinjurylawyers.com\/es\/gracias\/","name":"Gracias - Abogados de Lesiones Personales Sam Aguiar","isPartOf":{"@id":"https:\/\/aguiarinjurylawyers.com\/es\/#website"},"datePublished":"2025-08-08T07:37:46+00:00","dateModified":"2025-11-06T11:51:30+00:00","description":"Gracias por contactarnos. Nuestro equipo se comunicar\u00e1 pronto para asistirte con tu consulta y ofrecer la mejor ayuda posible.","breadcrumb":{"@id":"https:\/\/aguiarinjurylawyers.com\/es\/gracias\/#breadcrumb"},"inLanguage":"en-US","potentialAction":[{"@type":"ReadAction","target":["https:\/\/aguiarinjurylawyers.com\/es\/gracias\/"]}]},{"@type":"BreadcrumbList","@id":"https:\/\/aguiarinjurylawyers.com\/es\/gracias\/#breadcrumb","itemListElement":[{"@type":"ListItem","position":1,"name":"Inicio","item":"https:\/\/aguiarinjurylawyers.com\/es\/"},{"@type":"ListItem","position":2,"name":"Gracias"}]},{"@type":"WebSite","@id":"https:\/\/aguiarinjurylawyers.com\/es\/#website","url":"https:\/\/aguiarinjurylawyers.com\/es\/","name":"Abogados de Lesiones Personales Sam Aguiar","description":"Sitio Oficial de Abogados de Lesiones Personales Sam Aguiar, PLLC","potentialAction":[{"@type":"SearchAction","target":{"@type":"EntryPoint","urlTemplate":"https:\/\/aguiarinjurylawyers.com\/es\/?s={search_term_string}"},"query-input":{"@type":"PropertyValueSpecification","valueRequired":true,"valueName":"search_term_string"}}],"inLanguage":"en-US"}]}},"_links":{"self":[{"href":"https:\/\/aguiarinjurylawyers.com\/es\/wp-json\/wp\/v2\/pages\/2166","targetHints":{"allow":["GET"]}}],"collection":[{"href":"https:\/\/aguiarinjurylawyers.com\/es\/wp-json\/wp\/v2\/pages"}],"about":[{"href":"https:\/\/aguiarinjurylawyers.com\/es\/wp-json\/wp\/v2\/types\/page"}],"author":[{"embeddable":true,"href":"https:\/\/aguiarinjurylawyers.com\/es\/wp-json\/wp\/v2\/users\/1"}],"replies":[{"embeddable":true,"href":"https:\/\/aguiarinjurylawyers.com\/es\/wp-json\/wp\/v2\/comments?post=2166"}],"version-history":[{"count":15,"href":"https:\/\/aguiarinjurylawyers.com\/es\/wp-json\/wp\/v2\/pages\/2166\/revisions"}],"predecessor-version":[{"id":3211,"href":"https:\/\/aguiarinjurylawyers.com\/es\/wp-json\/wp\/v2\/pages\/2166\/revisions\/3211"}],"wp:attachment":[{"href":"https:\/\/aguiarinjurylawyers.com\/es\/wp-json\/wp\/v2\/media?parent=2166"}],"curies":[{"name":"wp","href":"https:\/\/api.w.org\/{rel}","templated":true}]}}